{"id":196,"date":"2021-06-16T16:02:18","date_gmt":"2021-06-16T16:02:18","guid":{"rendered":"https:\/\/mountaincultures.events.unibz.it\/?page_id=196"},"modified":"2021-07-09T07:59:38","modified_gmt":"2021-07-09T07:59:38","slug":"kuhn","status":"publish","type":"page","link":"https:\/\/mountaincultures.events.unibz.it\/?page_id=196","title":{"rendered":"Kuhn"},"content":{"rendered":"\n<h2 class=\"wp-block-heading\"><strong><em>Suchbewegungen. Zu Forschungspraxis, Netzwerken und Politiken einer \u201eVolkskunde\u201c im Alpenraum<\/em><\/strong><\/h2>\n\n\n\n<h2 class=\"wp-block-heading\"><strong>Konrad Kuhn<\/strong>, Institut f\u00fcr Geschichtswissenschaften und Europ\u00e4ische Ethnologie, Universit\u00e4t Innsbruck<\/h2>\n\n\n\n<h2 class=\"wp-block-heading\">06.07.2021, 17:00-19:00, online, zoom<\/h2>\n\n\n\n<figure class=\"wp-block-image size-large\"><img loading=\"lazy\" decoding=\"async\" width=\"1024\" height=\"722\" src=\"https:\/\/mountaincultures.events.unibz.it\/wp-content\/uploads\/2021\/06\/1-1024x722.jpg\" alt=\"\" class=\"wp-image-197\" srcset=\"https:\/\/mountaincultures.events.unibz.it\/wp-content\/uploads\/2021\/06\/1-1024x722.jpg 1024w, https:\/\/mountaincultures.events.unibz.it\/wp-content\/uploads\/2021\/06\/1-300x211.jpg 300w, https:\/\/mountaincultures.events.unibz.it\/wp-content\/uploads\/2021\/06\/1-768x541.jpg 768w, https:\/\/mountaincultures.events.unibz.it\/wp-content\/uploads\/2021\/06\/1-1536x1083.jpg 1536w, https:\/\/mountaincultures.events.unibz.it\/wp-content\/uploads\/2021\/06\/1-2048x1444.jpg 2048w\" sizes=\"auto, (max-width: 1024px) 100vw, 1024px\" \/><figcaption>Karteikarte mit Fotografie und Feldnotizen des Schweizer Volkskundlers Richard Weiss, Obersaxen\/Graub\u00fcnden, 1937. <br>Archiv Regiunal Surselva Ilanz.<\/figcaption><\/figure>\n\n\n\n<h2 class=\"wp-block-heading\"><strong><em>Suchbewegungen. Zu Forschungspraxis, Netzwerken und Politiken einer \u201eVolkskunde\u201c im Alpenraum<\/em><\/strong><\/h2>\n\n\n\n<p>Die ethnographisch-kulturwissenschaftliche Erforschung der Kultur des Alpenraums war (und ist vielleicht immer noch) verbunden mit spezifischen Zuschreibungen, Konstruktionen und Erwartungen. Mit einem vergleichenden Blick auf die alpinen Forschungsperspektiven der schweizerischen Volkskunde seit den 1930er-Jahren einerseits und auf die Interessen einer \u00abVolkskunde Tirols\u00bb andererseits werden geteilte erkenntnistheoretische Pr\u00e4missen, gemeinsame Methoden, enge personelle Netzwerke und thematische Pr\u00e4ferenzen (etwa f\u00fcr die \u201eBergbauern\u201c) sichtbar. Die damit verbundenen vielf\u00e4ltigen Funktionsleistungen des wissenschaftlichen Forschens f\u00fcr wechselnde politische Anspr\u00fcche stabilisierten das Fach bis in die 1980er-Jahre, bewirkten aber auch selbstbeschr\u00e4nkende Engf\u00fchrungen.<\/p>\n\n\n\n<h2 class=\"wp-block-heading\"><strong>Konrad Kuhn<\/strong><\/h2>\n\n\n\n<div class=\"wp-block-image\"><figure class=\"alignleft size-large is-resized\"><img loading=\"lazy\" decoding=\"async\" src=\"https:\/\/mountaincultures.events.unibz.it\/wp-content\/uploads\/2021\/06\/2.jpg\" alt=\"\" class=\"wp-image-198\" width=\"154\" height=\"206\" srcset=\"https:\/\/mountaincultures.events.unibz.it\/wp-content\/uploads\/2021\/06\/2.jpg 609w, https:\/\/mountaincultures.events.unibz.it\/wp-content\/uploads\/2021\/06\/2-225x300.jpg 225w\" sizes=\"auto, (max-width: 154px) 100vw, 154px\" \/><figcaption>Konrad Kuhn<\/figcaption><\/figure><\/div>\n\n\n\n<p>Ass.-Prof. Priv.-Doz. Dr. Konrad Kuhn ist Assistenzprofessor f\u00fcr Europ\u00e4ische Ethnologie an der Leopold-Franzens-Universit\u00e4t Innsbruck. Studium der Geschichte und Volkskunde an der Universit\u00e4t Z\u00fcrich, 2010 Abschluss mit Promotion. 2019 Habilitation in Kulturanthropologie an der Universit\u00e4t Basel. Er hat an den Universit\u00e4ten Z\u00fcrich, Basel, Vaduz\/Liechtenstein, T\u00fcbingen und Innsbruck geforscht und gelehrt. Aktuell leitet er ein Forschungsprojekt zu \u201eVolkstanz\u201c in Tirol (gef\u00f6rdert vom Land Tirol im Rahmen des F\u00f6rderschwerpunkts \u201eErinnerungskultur\u201c), zudem befasst er sich mit Wissens- und Wissenschaftsgeschichte der Volkskunde\/Kulturwissenschaft, mit Risiko und Umgang mit (Un-)Sicherheiten und mit Stadtanthropologie im alpinen Raum. <a rel=\"noreferrer noopener\" href=\"https:\/\/www.uibk.ac.at\/geschichte-ethnologie\/mitarbeiterinnen\/ass-prof\/kuhn-konrad\/konrad-kuhn.html\" data-type=\"URL\" data-id=\"https:\/\/www.uibk.ac.at\/geschichte-ethnologie\/mitarbeiterinnen\/ass-prof\/kuhn-konrad\/konrad-kuhn.html\" target=\"_blank\">Website<\/a><\/p>\n\n\n\n<div class=\"wp-block-file\"><a href=\"https:\/\/mountaincultures.events.unibz.it\/wp-content\/uploads\/2021\/07\/Kuhn_Seminar-2.pdf\">Kuhn_Seminar<\/a><a href=\"https:\/\/mountaincultures.events.unibz.it\/wp-content\/uploads\/2021\/07\/Kuhn_Seminar-2.pdf\" class=\"wp-block-file__button\" download>Download<\/a><\/div>\n","protected":false},"excerpt":{"rendered":"<p>Suchbewegungen. Zu Forschungspraxis, Netzwerken und Politiken einer \u201eVolkskunde\u201c im Alpenraum Konrad Kuhn, Institut f\u00fcr Geschichtswissenschaften und Europ\u00e4ische Ethnologie, Universit\u00e4t Innsbruck 06.07.2021, 17:00-19:00, online, zoom Suchbewegungen. Zu Forschungspraxis, Netzwerken und Politiken einer \u201eVolkskunde\u201c im Alpenraum Die ethnographisch-kulturwissenschaftliche Erforschung der Kultur des Alpenraums war (und ist vielleicht immer noch) verbunden mit spezifischen Zuschreibungen, Konstruktionen und Erwartungen. Mit einem vergleichenden Blick auf die alpinen Forschungsperspektiven der schweizerischen Volkskunde seit den 1930er-Jahren einerseits und auf die Interessen einer \u00abVolkskunde Tirols\u00bb andererseits werden geteilte erkenntnistheoretische Pr\u00e4missen, gemeinsame Methoden, enge personelle Netzwerke und thematische Pr\u00e4ferenzen (etwa f\u00fcr die \u201eBergbauern\u201c) sichtbar. Die damit verbundenen vielf\u00e4ltigen Funktionsleistungen des [&hellip;]<\/p>\n","protected":false},"author":4,"featured_media":0,"parent":0,"menu_order":0,"comment_status":"closed","ping_status":"closed","template":"","meta":{"footnotes":""},"class_list":["post-196","page","type-page","status-publish","hentry"],"_links":{"self":[{"href":"https:\/\/mountaincultures.events.unibz.it\/index.php?rest_route=\/wp\/v2\/pages\/196","targetHints":{"allow":["GET"]}}],"collection":[{"href":"https:\/\/mountaincultures.events.unibz.it\/index.php?rest_route=\/wp\/v2\/pages"}],"about":[{"href":"https:\/\/mountaincultures.events.unibz.it\/index.php?rest_route=\/wp\/v2\/types\/page"}],"author":[{"embeddable":true,"href":"https:\/\/mountaincultures.events.unibz.it\/index.php?rest_route=\/wp\/v2\/users\/4"}],"replies":[{"embeddable":true,"href":"https:\/\/mountaincultures.events.unibz.it\/index.php?rest_route=%2Fwp%2Fv2%2Fcomments&post=196"}],"version-history":[{"count":4,"href":"https:\/\/mountaincultures.events.unibz.it\/index.php?rest_route=\/wp\/v2\/pages\/196\/revisions"}],"predecessor-version":[{"id":219,"href":"https:\/\/mountaincultures.events.unibz.it\/index.php?rest_route=\/wp\/v2\/pages\/196\/revisions\/219"}],"wp:attachment":[{"href":"https:\/\/mountaincultures.events.unibz.it\/index.php?rest_route=%2Fwp%2Fv2%2Fmedia&parent=196"}],"curies":[{"name":"wp","href":"https:\/\/api.w.org\/{rel}","templated":true}]}}