{"id":347,"date":"2021-10-30T11:02:18","date_gmt":"2021-10-30T11:02:18","guid":{"rendered":"https:\/\/mountaincultures.events.unibz.it\/?page_id=347"},"modified":"2021-11-07T15:09:57","modified_gmt":"2021-11-07T15:09:57","slug":"daniele-ietri","status":"publish","type":"page","link":"https:\/\/mountaincultures.events.unibz.it\/?page_id=347","title":{"rendered":"Daniele Ietri"},"content":{"rendered":"\n<h2 class=\"wp-block-heading\">11\/11\/2021, 17:00-18:30, in presenza unibz Campus Bressanone\/Brixen, viale Ratisbona 16, aula 2.60<\/h2>\n\n\n\n<h2 class=\"wp-block-heading\"><strong><em>Politiche strutturali nelle regioni alpine. Qualche racconto da tecnico sul campo<\/em><\/strong><\/h2>\n\n\n\n<h2 class=\"wp-block-heading\"><strong>Daniele Ietri<\/strong>, unibz<\/h2>\n\n\n\n<figure class=\"wp-block-image size-large\"><img loading=\"lazy\" decoding=\"async\" width=\"1024\" height=\"768\" src=\"https:\/\/mountaincultures.events.unibz.it\/wp-content\/uploads\/2021\/10\/1-1024x768.jpg\" alt=\"\" class=\"wp-image-348\" srcset=\"https:\/\/mountaincultures.events.unibz.it\/wp-content\/uploads\/2021\/10\/1-1024x768.jpg 1024w, https:\/\/mountaincultures.events.unibz.it\/wp-content\/uploads\/2021\/10\/1-300x225.jpg 300w, https:\/\/mountaincultures.events.unibz.it\/wp-content\/uploads\/2021\/10\/1-768x576.jpg 768w, https:\/\/mountaincultures.events.unibz.it\/wp-content\/uploads\/2021\/10\/1-1536x1152.jpg 1536w, https:\/\/mountaincultures.events.unibz.it\/wp-content\/uploads\/2021\/10\/1-2048x1536.jpg 2048w\" sizes=\"auto, (max-width: 1024px) 100vw, 1024px\" \/><figcaption>Foto di D. Ietri<\/figcaption><\/figure>\n\n\n\n<h2 class=\"wp-block-heading\"><strong><em>Politiche strutturali nelle regioni alpine. Qualche racconto da tecnico sul campo<\/em><\/strong><\/h2>\n\n\n\n<p>La presentazione sar\u00e0 organizzata in tre parti. Nella prima sezione presenter\u00f2 sinteticamente il mio percorso, durante il quale ho costantemente affiancato l\u2019attivit\u00e0 accademica con lo sviluppo di una carriera professionale e da consulente. Questo mi ha portato spesso a lavorare da tecnico sul campo, su questioni operative relative alla politica regionale, sovente nelle aree alpine. Nella seconda parte della conversazione porter\u00f2 alcuni esempi di lavori, anche in corso, che possono essere di interesse perch\u00e9 affrontano problemi rilevanti per il contesto alpino. Nell\u2019ultima sezione cercher\u00f2 di discutere i punti di contatto (o di reciproca influenza) tra l\u2019attivit\u00e0 professionale e quella accademica. Racconter\u00f2 in particolare alcune attivit\u00e0 in corso alle quali partecipo con molta convinzione, poich\u00e9 mi sembra stiano permettendo di superare le separazioni sia tra gli ambiti professionali, sia tra i settori disciplinari.<\/p>\n\n\n\n<h2 class=\"wp-block-heading\"><strong>Daniele Ietri<\/strong><\/h2>\n\n\n\n<div class=\"wp-block-image\"><figure class=\"alignleft size-large is-resized\"><img loading=\"lazy\" decoding=\"async\" src=\"https:\/\/mountaincultures.events.unibz.it\/wp-content\/uploads\/2021\/10\/2-1024x768.jpg\" alt=\"\" class=\"wp-image-349\" width=\"186\" height=\"140\" srcset=\"https:\/\/mountaincultures.events.unibz.it\/wp-content\/uploads\/2021\/10\/2-1024x768.jpg 1024w, https:\/\/mountaincultures.events.unibz.it\/wp-content\/uploads\/2021\/10\/2-300x225.jpg 300w, https:\/\/mountaincultures.events.unibz.it\/wp-content\/uploads\/2021\/10\/2-768x576.jpg 768w, https:\/\/mountaincultures.events.unibz.it\/wp-content\/uploads\/2021\/10\/2-1536x1152.jpg 1536w, https:\/\/mountaincultures.events.unibz.it\/wp-content\/uploads\/2021\/10\/2-2048x1536.jpg 2048w\" sizes=\"auto, (max-width: 186px) 100vw, 186px\" \/><figcaption>Daniele Ietri<\/figcaption><\/figure><\/div>\n\n\n\n<p>Daniele Ietri<strong>&nbsp;<\/strong>\u00e8 dal 2018 professore&nbsp;ordinario di geografia alla Libera Universit\u00e0 di Bolzano. &nbsp;Si occupa della progettazione delle politiche&nbsp;territoriali per governi&nbsp;regionali in Italia e all\u2019estero e di competitivit\u00e0 urbana di citt\u00e0&nbsp;medie e piccole. Coordina \u201c<strong><a rel=\"noreferrer noopener\" href=\"http:\/\/www.studisulqui.it\/\" target=\"_blank\">Studi<\/a><\/strong><a href=\"http:\/\/www.studisulqui.it\/\"><strong> sul Qui<\/strong><\/a>\u201d, un progetto di rappresentazione del presente nei territori \u201cinterni\u201d e il&nbsp;<strong><em><a rel=\"noreferrer noopener\" href=\"http:\/\/deepmap.projects.unibz.it\/\" target=\"_blank\">deep_map_lab<\/a><\/em><\/strong>. Dirige il programma di ricerca \u201c<strong>Regions<\/strong>\u201d di&nbsp;<a rel=\"noreferrer noopener\" href=\"http:\/\/89initiative.com\/research\/\" target=\"_blank\"><strong>89Initiative<\/strong><\/a>, un&nbsp;<em>think-do-tank<\/em>&nbsp;orientato a sostenere il progetto europeo con le nuove generazioni.&nbsp; Dal 2021 \u00e8 membro esperto esterno del&nbsp;<strong>NUVAL<\/strong>,&nbsp;<strong>Nucleo di valutazione dei programmi a finalit\u00e0 strutturale<\/strong>, della Regione Autonoma Valle d\u2019Aosta.<\/p>\n\n\n\n<div class=\"wp-block-file\"><a href=\"https:\/\/mountaincultures.events.unibz.it\/wp-content\/uploads\/2021\/11\/Ietri-seminario-1.pdf\">Ietri-seminario<\/a><a href=\"https:\/\/mountaincultures.events.unibz.it\/wp-content\/uploads\/2021\/11\/Ietri-seminario-1.pdf\" class=\"wp-block-file__button\" download>Download<\/a><\/div>\n","protected":false},"excerpt":{"rendered":"<p>11\/11\/2021, 17:00-18:30, in presenza unibz Campus Bressanone\/Brixen, viale Ratisbona 16, aula 2.60 Politiche strutturali nelle regioni alpine. Qualche racconto da tecnico sul campo Daniele Ietri, unibz Politiche strutturali nelle regioni alpine. Qualche racconto da tecnico sul campo La presentazione sar\u00e0 organizzata in tre parti. Nella prima sezione presenter\u00f2 sinteticamente il mio percorso, durante il quale ho costantemente affiancato l\u2019attivit\u00e0 accademica con lo sviluppo di una carriera professionale e da consulente. Questo mi ha portato spesso a lavorare da tecnico sul campo, su questioni operative relative alla politica regionale, sovente nelle aree alpine. Nella seconda parte della conversazione porter\u00f2 alcuni esempi [&hellip;]<\/p>\n","protected":false},"author":4,"featured_media":0,"parent":0,"menu_order":0,"comment_status":"closed","ping_status":"closed","template":"","meta":{"footnotes":""},"class_list":["post-347","page","type-page","status-publish","hentry"],"_links":{"self":[{"href":"https:\/\/mountaincultures.events.unibz.it\/index.php?rest_route=\/wp\/v2\/pages\/347","targetHints":{"allow":["GET"]}}],"collection":[{"href":"https:\/\/mountaincultures.events.unibz.it\/index.php?rest_route=\/wp\/v2\/pages"}],"about":[{"href":"https:\/\/mountaincultures.events.unibz.it\/index.php?rest_route=\/wp\/v2\/types\/page"}],"author":[{"embeddable":true,"href":"https:\/\/mountaincultures.events.unibz.it\/index.php?rest_route=\/wp\/v2\/users\/4"}],"replies":[{"embeddable":true,"href":"https:\/\/mountaincultures.events.unibz.it\/index.php?rest_route=%2Fwp%2Fv2%2Fcomments&post=347"}],"version-history":[{"count":2,"href":"https:\/\/mountaincultures.events.unibz.it\/index.php?rest_route=\/wp\/v2\/pages\/347\/revisions"}],"predecessor-version":[{"id":361,"href":"https:\/\/mountaincultures.events.unibz.it\/index.php?rest_route=\/wp\/v2\/pages\/347\/revisions\/361"}],"wp:attachment":[{"href":"https:\/\/mountaincultures.events.unibz.it\/index.php?rest_route=%2Fwp%2Fv2%2Fmedia&parent=347"}],"curies":[{"name":"wp","href":"https:\/\/api.w.org\/{rel}","templated":true}]}}