{"id":38,"date":"2021-05-03T13:19:18","date_gmt":"2021-05-03T13:19:18","guid":{"rendered":"https:\/\/mountaincultures.events.unibz.it\/?page_id=38"},"modified":"2025-12-16T17:01:37","modified_gmt":"2025-12-16T17:01:37","slug":"prossimo-evento","status":"publish","type":"page","link":"https:\/\/mountaincultures.events.unibz.it\/?page_id=38","title":{"rendered":"News"},"content":{"rendered":"\n<h2 class=\"wp-block-heading\"><strong>Open Access Special Issue &#8211; 2025 &#8211; Confluenze. Rivista di Studi Iberoamericani, 17(2)<\/strong><\/h2>\n\n\n\n<h2 class=\"wp-block-heading\">Relacionalidad medioambiental ritual y festiva en \u00e1reas de monta\u00f1a iberoamericanas<\/h2>\n\n\n\n<p>Eds. Tobias Boos, Koen de Munter, Daniela Salvucci<\/p>\n\n\n\n<p>With articles in Spanish, English or Italian written by Denise Y. Arnold, Koen de Munter, \u00d3scar Mu\u00f1oz Mor\u00e1n, Federica Moscatelli, Francisco Pazzarelli, Daniel Gonz\u00e1lez Hern\u00e1ndez, Jorge Moreira Pe\u00f1a, Paula Gabriela Nu\u00f1ez, Letizia Bindi, Ana Correa, Federico Lifschitz, Daniel Dar\u00edo Delfino, Alejandro Haber, Tobias Boos, and Salvucci Daniela.<\/p>\n\n\n\n<p>Download the open access book following the&nbsp;<a href=\"https:\/\/confluenze.unibo.it\/issue\/view\/1434\" target=\"_blank\" rel=\"noreferrer noopener\"><strong>Link<\/strong><\/a><\/p>\n\n\n\n<hr class=\"wp-block-separator has-alpha-channel-opacity\"\/>\n\n\n\n<h2 class=\"wp-block-heading\"><strong>The archives of the Institute of Aymara Language and Culture, ILCA, in La Paz, are now online, thanks to the sponsorship of the MEAP project (Modern Endangered Archives Program) at the University of California, Los Angeles, USA, with funding from Arcadia<\/strong><\/h2>\n\n\n\n<p>The project \u201cCuration and digitization of the archives of the Institute of Aymara Language and Culture, ILCA\u201d has digitized more than 1,500 data sources that can be used for new research.&nbsp;Access to the trilingual UCLA-MEAP website is free, with entries in Spanish and English, and an extensive use of Aymara.&nbsp;Entries are replicated on the ILCA website (see below).&nbsp;The ILCA archives trace the work of this institution, under the direction of its founder, Professor Juan de Dios Yapita, since the 1970s. It includes 800 audio recordings, newspaper clippings, and other publications covering initiatives of the Indigenous and Indianist Movements of those decades, and books on teaching Aymara language.&nbsp;There is also a photographic and video collection of the ILCA team and of life in the rural areas of the Altiplano and valleys of Bolivia, videos of Professor Yapita&#8217;s work teaching Aymara language, and his field notebooks together with those of the British anthropologist, Professor Denise Y. Arnold (with whom he worked from 1985 to 2013).&nbsp;The digitized archive, one of the largest on the Aymara language and culture on the Continent, contains sections on the life and work of Juan de Dios Yapita, including his musical compositions, on life and language use in the marka and ayllus of Qaqachaka, and on the life and political work of the well-known <em>yatiri<\/em>&nbsp;and midwife Don Domingo Jim\u00e9nez Aruquipa.&nbsp;Many interviews are conducted with the last generation of monolingual Aymara speakers, in communities in Oruro, northern Potos\u00ed, and the lakeside region.<\/p>\n\n\n\n<p>Links: <a href=\"https:\/\/meap.library.ucla.edu\/projects\/cultura-aymara-bolivia\" data-type=\"link\" data-id=\"https:\/\/meap.library.ucla.edu\/projects\/cultura-aymara-bolivia\" target=\"_blank\" rel=\"noreferrer noopener\">MEAP<\/a>\/<a href=\"https:\/\/www.ilcanet.org\/archivo\/\" data-type=\"link\" data-id=\"https:\/\/www.ilcanet.org\/archivo\/\" target=\"_blank\" rel=\"noreferrer noopener\">ILCANET<\/a><br>Contacts: infoilcabolivia@gmail.com<\/p>\n\n\n\n<p>Denise Y. Arnold<br>Correo: deniseyarnold@yahoo.com<br><br>Cristina Machicado<br>Correo: machicado.lacris@gmail.com<\/p>\n\n\n\n<div data-wp-interactive=\"core\/file\" class=\"wp-block-file\"><object data-wp-bind--hidden=\"!state.hasPdfPreview\" hidden class=\"wp-block-file__embed\" data=\"https:\/\/mountaincultures.events.unibz.it\/wp-content\/uploads\/2025\/11\/rev_Curacion-de-los-archivos-ILCA.pdf\" type=\"application\/pdf\" style=\"width:100%;height:600px\" aria-label=\"Embed of rev_Curaci\u00f3n de los archivos ILCA.\"><\/object><a id=\"wp-block-file--media-1c33b183-468c-4a3a-8bf2-304f3d65a962\" href=\"https:\/\/mountaincultures.events.unibz.it\/wp-content\/uploads\/2025\/11\/rev_Curacion-de-los-archivos-ILCA.pdf\">rev_Curaci\u00f3n de los archivos ILCA<\/a><a href=\"https:\/\/mountaincultures.events.unibz.it\/wp-content\/uploads\/2025\/11\/rev_Curacion-de-los-archivos-ILCA.pdf\" class=\"wp-block-file__button wp-element-button\" download aria-describedby=\"wp-block-file--media-1c33b183-468c-4a3a-8bf2-304f3d65a962\">Download<\/a><\/div>\n\n\n\n<hr class=\"wp-block-separator has-alpha-channel-opacity\"\/>\n\n\n\n<h2 class=\"wp-block-heading\"><strong>Open Access Book Publication 2025<\/strong> <\/h2>\n\n\n\n<h2 class=\"wp-block-heading\">Changing Mountain Communities. Between Certainties and Uncertainties<\/h2>\n\n\n\n<p>Eds. Tobias Boos, Daniela Salvucci, Pier Paolo Viazzo, Roberta Clara Zanini<\/p>\n\n\n\n<p>With contributions by Laura Bonato, Tobias Boos, Domenico Branca, Elena Cardano, Domenico Maria Costantini, Viviane Cretton, Elisabetta Dall\u2019\u00d2, Franco Lai, Daniel Maciel, Sofia Marconi, Gabriele Orlandi, Daniela Salvucci, \u00c1rp\u00e1d T\u00f6h\u00f6t\u00f6m Szab\u00f3, Pier Paolo Viazzo, Sarah H. Whitaker, Roberta Clara Zanini.<\/p>\n\n\n\n<p>Download the open access book following the&nbsp;<a href=\"https:\/\/bupress.unibz.it\/en\/produkt\/changing-mountain-communities\/\"><strong>Link<\/strong><\/a><\/p>\n\n\n<div class=\"wp-block-image\">\n<figure class=\"alignleft is-resized\"><img loading=\"lazy\" decoding=\"async\" width=\"713\" height=\"1024\" src=\"https:\/\/mountaincultures.events.unibz.it\/wp-content\/uploads\/2025\/11\/image-9788860462046-713x1024.jpg\" alt=\"\" class=\"wp-image-451\" style=\"width:340px;height:auto\" srcset=\"https:\/\/mountaincultures.events.unibz.it\/wp-content\/uploads\/2025\/11\/image-9788860462046-713x1024.jpg 713w, https:\/\/mountaincultures.events.unibz.it\/wp-content\/uploads\/2025\/11\/image-9788860462046-209x300.jpg 209w, https:\/\/mountaincultures.events.unibz.it\/wp-content\/uploads\/2025\/11\/image-9788860462046-768x1104.jpg 768w, https:\/\/mountaincultures.events.unibz.it\/wp-content\/uploads\/2025\/11\/image-9788860462046.jpg 945w\" sizes=\"auto, (max-width: 713px) 100vw, 713px\" \/><\/figure>\n<\/div>\n\n\n<p>This book examines the complex transformations currently affecting mountain communities. Moving beyond simple narratives of modernization or decline, it highlights the diversity and contradictions displayed by the ways in which these communities experience change \u2013 moulded by ongoing negotiations over resources, sustainability, tourism, and heritage. The chapters show that certainties and uncertainties are deeply intertwined in mountain life, often shaping each other in unexpected ways. While climate change has become a certainty, social, economic, and political responses remain uncertain, requiring ongoing experimentation. This tension influences how communities construct identities and traditions, offering both comfort and new challenges as they navigate an unpredictable future. <\/p>\n\n\n\n<p>Through comparative, ethnographic, and anthropological case studies from Europe and South America, the book explores how people and their environments continuously fashion and transform one another amid ecological, economic, and cultural changes. It offers theoretical perspectives for understanding evolving identities, emotions, and the future of mountain societies.<\/p>\n","protected":false},"excerpt":{"rendered":"<p>Open Access Special Issue &#8211; 2025 &#8211; Confluenze. Rivista di Studi Iberoamericani, 17(2) Relacionalidad medioambiental ritual y festiva en \u00e1reas de monta\u00f1a iberoamericanas Eds. Tobias Boos, Koen de Munter, Daniela Salvucci With articles in Spanish, English or Italian written by Denise Y. Arnold, Koen de Munter, \u00d3scar Mu\u00f1oz Mor\u00e1n, Federica Moscatelli, Francisco Pazzarelli, Daniel Gonz\u00e1lez Hern\u00e1ndez, Jorge Moreira Pe\u00f1a, Paula Gabriela Nu\u00f1ez, Letizia Bindi, Ana Correa, Federico Lifschitz, Daniel Dar\u00edo Delfino, Alejandro Haber, Tobias Boos, and Salvucci Daniela. Download the open access book following the&nbsp;Link The archives of the Institute of Aymara Language and Culture, ILCA, in La Paz, are [&hellip;]<\/p>\n","protected":false},"author":4,"featured_media":0,"parent":0,"menu_order":0,"comment_status":"closed","ping_status":"closed","template":"","meta":{"footnotes":""},"class_list":["post-38","page","type-page","status-publish","hentry"],"_links":{"self":[{"href":"https:\/\/mountaincultures.events.unibz.it\/index.php?rest_route=\/wp\/v2\/pages\/38","targetHints":{"allow":["GET"]}}],"collection":[{"href":"https:\/\/mountaincultures.events.unibz.it\/index.php?rest_route=\/wp\/v2\/pages"}],"about":[{"href":"https:\/\/mountaincultures.events.unibz.it\/index.php?rest_route=\/wp\/v2\/types\/page"}],"author":[{"embeddable":true,"href":"https:\/\/mountaincultures.events.unibz.it\/index.php?rest_route=\/wp\/v2\/users\/4"}],"replies":[{"embeddable":true,"href":"https:\/\/mountaincultures.events.unibz.it\/index.php?rest_route=%2Fwp%2Fv2%2Fcomments&post=38"}],"version-history":[{"count":73,"href":"https:\/\/mountaincultures.events.unibz.it\/index.php?rest_route=\/wp\/v2\/pages\/38\/revisions"}],"predecessor-version":[{"id":621,"href":"https:\/\/mountaincultures.events.unibz.it\/index.php?rest_route=\/wp\/v2\/pages\/38\/revisions\/621"}],"wp:attachment":[{"href":"https:\/\/mountaincultures.events.unibz.it\/index.php?rest_route=%2Fwp%2Fv2%2Fmedia&parent=38"}],"curies":[{"name":"wp","href":"https:\/\/api.w.org\/{rel}","templated":true}]}}