{"id":4,"date":"2021-01-21T14:13:23","date_gmt":"2021-01-21T14:13:23","guid":{"rendered":"http:\/\/base-wordpress.unibz.it\/?page_id=4"},"modified":"2025-12-16T16:59:32","modified_gmt":"2025-12-16T16:59:32","slug":"home","status":"publish","type":"page","link":"https:\/\/mountaincultures.events.unibz.it\/","title":{"rendered":"Home"},"content":{"rendered":"\n<h1 class=\"wp-block-heading\"><strong><em>Mountain Cultures<\/em><\/strong><\/h1>\n\n\n\n<h1 class=\"wp-block-heading\">Mountain Cultures Project<\/h1>\n\n\n\n<p>The project promotes research, publications, conferences, public talks, and social interventions, to investigate and discuss anthropological, historical, and geographical aspects of mountain people&#8217; sociocultural environments, practices, and perspectves. It aims to reflect on the value of the comparative approach, collaborating with mountain studies scholars and, especially, with mountain people, all around the world.<\/p>\n\n\n\n<figure class=\"wp-block-image size-large is-resized\"><img loading=\"lazy\" decoding=\"async\" width=\"1024\" height=\"232\" src=\"https:\/\/mountaincultures.events.unibz.it\/wp-content\/uploads\/2021\/05\/Salvucci-2015-El-Arremo-Salta-AR-1-1024x232.jpg\" alt=\"\" class=\"wp-image-89\" style=\"width:1024px;height:190px\" srcset=\"https:\/\/mountaincultures.events.unibz.it\/wp-content\/uploads\/2021\/05\/Salvucci-2015-El-Arremo-Salta-AR-1-1024x232.jpg 1024w, https:\/\/mountaincultures.events.unibz.it\/wp-content\/uploads\/2021\/05\/Salvucci-2015-El-Arremo-Salta-AR-1-300x68.jpg 300w, https:\/\/mountaincultures.events.unibz.it\/wp-content\/uploads\/2021\/05\/Salvucci-2015-El-Arremo-Salta-AR-1-768x174.jpg 768w, https:\/\/mountaincultures.events.unibz.it\/wp-content\/uploads\/2021\/05\/Salvucci-2015-El-Arremo-Salta-AR-1-1536x348.jpg 1536w, https:\/\/mountaincultures.events.unibz.it\/wp-content\/uploads\/2021\/05\/Salvucci-2015-El-Arremo-Salta-AR-1-2048x464.jpg 2048w\" sizes=\"auto, (max-width: 1024px) 100vw, 1024px\" \/><\/figure>\n\n\n\n<figure class=\"wp-block-image size-large\"><img loading=\"lazy\" decoding=\"async\" width=\"1024\" height=\"232\" src=\"https:\/\/mountaincultures.events.unibz.it\/wp-content\/uploads\/2021\/05\/DSC02558-1024x232.jpg\" alt=\"\" class=\"wp-image-92\" srcset=\"https:\/\/mountaincultures.events.unibz.it\/wp-content\/uploads\/2021\/05\/DSC02558-1024x232.jpg 1024w, https:\/\/mountaincultures.events.unibz.it\/wp-content\/uploads\/2021\/05\/DSC02558-300x68.jpg 300w, https:\/\/mountaincultures.events.unibz.it\/wp-content\/uploads\/2021\/05\/DSC02558-768x174.jpg 768w, https:\/\/mountaincultures.events.unibz.it\/wp-content\/uploads\/2021\/05\/DSC02558-1536x348.jpg 1536w, https:\/\/mountaincultures.events.unibz.it\/wp-content\/uploads\/2021\/05\/DSC02558-2048x464.jpg 2048w\" sizes=\"auto, (max-width: 1024px) 100vw, 1024px\" \/><\/figure>\n\n\n\n<figure class=\"wp-block-image size-large\"><img loading=\"lazy\" decoding=\"async\" width=\"1024\" height=\"232\" src=\"https:\/\/mountaincultures.events.unibz.it\/wp-content\/uploads\/2021\/05\/DSC06218-1024x232.jpg\" alt=\"\" class=\"wp-image-94\" srcset=\"https:\/\/mountaincultures.events.unibz.it\/wp-content\/uploads\/2021\/05\/DSC06218-1024x232.jpg 1024w, https:\/\/mountaincultures.events.unibz.it\/wp-content\/uploads\/2021\/05\/DSC06218-300x68.jpg 300w, https:\/\/mountaincultures.events.unibz.it\/wp-content\/uploads\/2021\/05\/DSC06218-768x174.jpg 768w, https:\/\/mountaincultures.events.unibz.it\/wp-content\/uploads\/2021\/05\/DSC06218-1536x348.jpg 1536w, https:\/\/mountaincultures.events.unibz.it\/wp-content\/uploads\/2021\/05\/DSC06218-2048x464.jpg 2048w\" sizes=\"auto, (max-width: 1024px) 100vw, 1024px\" \/><figcaption class=\"wp-element-caption\">El Arremo, Salta, 2015, D. Salvucci; Renon, S\u00fcdtirol\/Alto Adige 2019, T. Boos; Gjirokaster, Albania, 2012, T. Boos.<\/figcaption><\/figure>\n\n\n\n<h1 class=\"wp-block-heading\"><strong>Issues<\/strong><\/h1>\n\n\n\n<h2 class=\"wp-block-heading\">Open Access Special Issue &#8211; 2025 &#8211; Confluenze. Rivista di Studi Iberoamericani, 17(2)<\/h2>\n\n\n\n<h2 class=\"wp-block-heading\"><strong>Relacionalidad medioambiental ritual y festiva en \u00e1reas de monta\u00f1a iberoamericanas<\/strong><\/h2>\n\n\n\n<p>Eds. Tobias Boos, Koen de Munter, Daniela Salvucci<\/p>\n\n\n\n<p>With articles in Spanish, English or Italian written by Denise Y. Arnold, Koen de Munter, \u00d3scar Mu\u00f1oz Mor\u00e1n, Federica Moscatelli, Francisco Pazzarelli, Daniel Gonz\u00e1lez Hern\u00e1ndez, Jorge Moreira Pe\u00f1a, Paula Gabriela Nu\u00f1ez, Letizia Bindi, Ana Correa, Federico Lifschitz, Daniel Dar\u00edo Delfino, Alejandro Haber, Tobias Boos, and Salvucci Daniela.<\/p>\n\n\n\n<p>Download the open access book following the\u00a0<a href=\"https:\/\/confluenze.unibo.it\/issue\/view\/1434\" target=\"_blank\" rel=\"noreferrer noopener\"><strong>Link<\/strong><\/a><\/p>\n\n\n\n<hr class=\"wp-block-separator has-alpha-channel-opacity\"\/>\n\n\n\n<h2 class=\"wp-block-heading\">Open Access Book &#8211; 2025 &#8211; Changing Mountain Communities<\/h2>\n\n\n\n<h2 class=\"wp-block-heading\"><strong>Changing Mountain Communities. Between Certainties and Uncertainties <\/strong><\/h2>\n\n\n\n<p>Eds. Tobias Boos, Daniela Salvucci, Pier Paolo Viazzo, Roberta Clara Zanini<\/p>\n\n\n\n<p>With contributions by Laura Bonato, Tobias Boos, Domenico Branca, Elena Cardano, Domenico Maria Costantini, Viviane Cretton, Elisabetta Dall&#8217;\u00d2, Franco Lai, Daniel Maciel, Sofia Marconi, Gabriele Orlandi, Daniela Salvucci, \u00c1rp\u00e1d T\u00f6h\u00f6t\u00f6m Szab\u00f3, Pier Paolo Viazzo, Sarah H. Whitaker, Roberta Clara Zanini.<\/p>\n\n\n\n<p>Download the open access book following the <a href=\"https:\/\/bupress.unibz.it\/en\/produkt\/changing-mountain-communities\/\" data-type=\"link\" data-id=\"https:\/\/bupress.unibz.it\/en\/produkt\/changing-mountain-communities\/\"><strong>Link<\/strong><\/a><\/p>\n\n\n\n<figure class=\"wp-block-image size-large is-resized\"><img loading=\"lazy\" decoding=\"async\" width=\"713\" height=\"1024\" src=\"https:\/\/mountaincultures.events.unibz.it\/wp-content\/uploads\/2025\/11\/image-9788860462046-713x1024.jpg\" alt=\"\" class=\"wp-image-451\" style=\"width:508px;height:auto\" srcset=\"https:\/\/mountaincultures.events.unibz.it\/wp-content\/uploads\/2025\/11\/image-9788860462046-713x1024.jpg 713w, https:\/\/mountaincultures.events.unibz.it\/wp-content\/uploads\/2025\/11\/image-9788860462046-209x300.jpg 209w, https:\/\/mountaincultures.events.unibz.it\/wp-content\/uploads\/2025\/11\/image-9788860462046-768x1104.jpg 768w, https:\/\/mountaincultures.events.unibz.it\/wp-content\/uploads\/2025\/11\/image-9788860462046.jpg 945w\" sizes=\"auto, (max-width: 713px) 100vw, 713px\" \/><\/figure>\n\n\n\n<p><\/p>\n\n\n\n<p>This book examines the complex transformations currently affecting mountain communities. Moving beyond simple narratives of modernization or decline, it highlights the diversity and contradictions displayed by the ways in which these communities experience change \u2013 moulded by ongoing negotiations over resources, sustainability, tourism, and heritage. The chapters show that certainties and uncertainties are deeply intertwined in mountain life, often shaping each other in unexpected ways. While climate change has become a certainty, social, economic, and political responses remain uncertain, requiring ongoing experimentation. This tension influences how communities construct identities and traditions, offering both comfort and new challenges as they navigate an unpredictable future. Through comparative, ethnographic, and anthropological case studies from Europe and South America, the book explores how people and their environments continuously fashion and transform one another amid ecological, economic, and cultural changes. It offers theoretical perspectives for understanding evolving identities, emotions, and the future of mountain societies.<\/p>\n\n\n\n<p><\/p>\n\n\n\n<hr class=\"wp-block-separator has-alpha-channel-opacity\"\/>\n\n\n\n<h2 class=\"wp-block-heading\">Open Access Book &#8211; 2022 &#8211; Cultures in Mountain Areas<\/h2>\n\n\n\n<h2 class=\"wp-block-heading\"><strong>Cultures in Mountain Areas: Comparative Perspectives \/ Culture in aree di montagna: prospettive comparative \/ Kulturen in Gebirgsregionen: Vergleichende Perspektiven<\/strong><\/h2>\n\n\n\n<p>Eds. Tobias Boos and Daniela Salvucci<\/p>\n\n\n\n<p><strong>With contributions from<\/strong>: Dionigi Albera, Denise Y. Arnold, Tobias Boos, Domenico Branca, Andreas Haller, Giovanni Kezich, Konrad J. Kuhn, Jon Mathieu, Daniela Salvucci, Pier Paolo Viazzo and Roberta Clara Zanini <\/p>\n\n\n\n<p>Download the open access book following the <a rel=\"noreferrer noopener\" href=\"https:\/\/bupress.unibz.it\/en\/produkt\/cultures-in-mountain-areas-comparative-perspectives\/\" target=\"_blank\"><strong>Link<\/strong><\/a><\/p>\n\n\n\n<div class=\"wp-block-columns is-layout-flex wp-container-core-columns-is-layout-9d6595d7 wp-block-columns-is-layout-flex\">\n<div class=\"wp-block-column is-layout-flow wp-block-column-is-layout-flow\" style=\"flex-basis:100%\">\n<figure class=\"wp-block-image size-large\"><img loading=\"lazy\" decoding=\"async\" width=\"1024\" height=\"698\" src=\"https:\/\/mountaincultures.events.unibz.it\/wp-content\/uploads\/2022\/12\/Boos-Salvucci-COVER-PRINT-1-1024x698.jpg\" alt=\"\" class=\"wp-image-404\" srcset=\"https:\/\/mountaincultures.events.unibz.it\/wp-content\/uploads\/2022\/12\/Boos-Salvucci-COVER-PRINT-1-1024x698.jpg 1024w, https:\/\/mountaincultures.events.unibz.it\/wp-content\/uploads\/2022\/12\/Boos-Salvucci-COVER-PRINT-1-300x205.jpg 300w, https:\/\/mountaincultures.events.unibz.it\/wp-content\/uploads\/2022\/12\/Boos-Salvucci-COVER-PRINT-1-768x524.jpg 768w, https:\/\/mountaincultures.events.unibz.it\/wp-content\/uploads\/2022\/12\/Boos-Salvucci-COVER-PRINT-1-1536x1048.jpg 1536w, https:\/\/mountaincultures.events.unibz.it\/wp-content\/uploads\/2022\/12\/Boos-Salvucci-COVER-PRINT-1-2048x1397.jpg 2048w\" sizes=\"auto, (max-width: 1024px) 100vw, 1024px\" \/><\/figure>\n<\/div>\n<\/div>\n\n\n\n<p>ENG: Comparative studies of mountain areas have long been at the core of the discussion about the relations between nature and culture as well as on environmental and social change. This volume searches for ways to develop further critical comparative perspectives in the study of cultures in mountain areas by drawing inter- and transdisciplinary links amongst anthropology, geography, folklore studies, montology, and global history. Drawing on examples mostly from the Alps and the Andes, but also extending to the global mountains, the authors explore socioecological environments, historical and political processes, borderscapes, demographic dynamics, forms of domestic organization, rituals, religiosities, and human-non-human-relations.<\/p>\n\n\n\n<p>DE: Vergleichende Studien \u00fcber Bergregionen stehen seit langem im Zentrum der Debatte \u00fcber das Verh\u00e4ltnis zwischen Natur und Kultur sowie \u00fcber den \u00f6kologischen und sozialen Wandel. Dieser Band sucht nach Wegen, kritische vergleichende Perspektiven in der Erforschung von Kulturen in Bergregionen weiterzuentwickeln, indem er inter- und transdisziplin\u00e4re Verbindungen zwischen Anthropologie, Geographie, Volkskunde, Montologie und (Welt-)Geschichte zieht. Anhand von Beispielen vor allem aus den Alpen und den Anden, aber auch aus anderen Gebirgsregionen der Welt, untersuchen die Autor*innen sozio\u00f6kologische Umwelten, historische und politische Prozesse, Grenzlandschaften, demografische Dynamiken, Formen der h\u00e4uslichen Organisation, Rituale, Religiosit\u00e4t und Mensch-Nicht-Mensch-Beziehungen.<\/p>\n\n\n\n<p>IT: Gli studi comparativi sulle aree montane sono da tempo al centro del dibattito sul rapporto tra natura e cultura e sui cambiamenti ecologici e sociali. Questo volume \u00e8 alla ricerca di nuovi percorsi per sviluppare ulteriormente prospettive comparative critiche per lo studio delle culture delle aree montane, tracciando collegamenti inter- e transdisciplinari tra antropologia, geografia, studi di folklore, montologia e storia globale. Basandosi su esempi provenienti soprattutto dalle Alpi e dalle Ande, ma estendendo l\u2019orizzonte anche ad altre regioni montane a livello globale, le autrici e gli autori esplorano ambienti socio-ecologici, processi storici e politici, paesaggi di confine, dinamiche demografiche, forme di organizzazione domestica, rituali, religiosit\u00e0 e relazioni tra umani e non-umani.<\/p>\n\n\n\n<hr class=\"wp-block-separator has-css-opacity\"\/>\n\n\n\n<h2 class=\"wp-block-heading\">Workshop 2023<\/h2>\n\n\n\n<figure class=\"wp-block-image size-large is-resized\"><img loading=\"lazy\" decoding=\"async\" width=\"724\" height=\"1024\" src=\"https:\/\/mountaincultures.events.unibz.it\/wp-content\/uploads\/2025\/11\/Making-Worlds-flyer-001-1-724x1024.jpg\" alt=\"\" class=\"wp-image-500\" style=\"width:498px;height:auto\" srcset=\"https:\/\/mountaincultures.events.unibz.it\/wp-content\/uploads\/2025\/11\/Making-Worlds-flyer-001-1-724x1024.jpg 724w, https:\/\/mountaincultures.events.unibz.it\/wp-content\/uploads\/2025\/11\/Making-Worlds-flyer-001-1-212x300.jpg 212w, https:\/\/mountaincultures.events.unibz.it\/wp-content\/uploads\/2025\/11\/Making-Worlds-flyer-001-1-768x1087.jpg 768w, https:\/\/mountaincultures.events.unibz.it\/wp-content\/uploads\/2025\/11\/Making-Worlds-flyer-001-1-1085x1536.jpg 1085w, https:\/\/mountaincultures.events.unibz.it\/wp-content\/uploads\/2025\/11\/Making-Worlds-flyer-001-1.jpg 1190w\" sizes=\"auto, (max-width: 724px) 100vw, 724px\" \/><\/figure>\n\n\n\n<hr class=\"wp-block-separator has-alpha-channel-opacity\"\/>\n\n\n\n<h2 class=\"wp-block-heading\">Seminars series 2021<\/h2>\n\n\n\n<h2 class=\"wp-block-heading\"><strong>Cultures of Mountain Peoples in Comparative Perspective<\/strong><\/h2>\n\n\n\n<p><mark style=\"background-color:rgba(0, 0, 0, 0)\" class=\"has-inline-color has-vivid-red-color\">Online*: <strong>May-July 2021<\/strong><\/mark> <\/p>\n\n\n\n<p><mark style=\"background-color:rgba(0, 0, 0, 0)\" class=\"has-inline-color has-vivid-red-color\">In presence**: <strong>September-December 2021<\/strong><\/mark><\/p>\n\n\n\n<p>The series of seminars is organised by the <a href=\"https:\/\/www.unibz.it\/en\/faculties\/education\/\">Faculty of Education<\/a> of the <a href=\"https:\/\/www.unibz.it\/\">Free University of Bozen-Bolzano (unibz)<\/a> and the <a href=\"https:\/\/mfea.projects.unibz.it\/\">MFEA-The Malinowski Forum for Ethnography and Anthropology<\/a> (unibz), in collaboration with the <a href=\"https:\/\/www.ev-aa.org\/\">Anthropological Association South Tyrol (EVAA)<\/a> and the <a href=\"https:\/\/www.museosanmichele.it\/about-us\/opening-times\/?lang=en\">Museo degli Usi e Costumi della Gente Trentina<\/a>, with the contribution of the <a href=\"https:\/\/stiftungsparkasse.it\/\">Stiftung S\u00fcdtiroler Sparkasse<\/a>. <\/p>\n\n\n\n<p>The seminar meetings explore the possibility of connecting the sociocultural experiences of inhabitants in different mountain areas, both from the Alpine region and from non-European regions. The invited speakers will present and discuss their research on anthropological, historical, and geographical aspects of the different cultures of mountain peoples, reflecting on the value of the comparative perspective and discussing these issues with the audience.<\/p>\n\n\n\n<p><mark style=\"background-color:rgba(0, 0, 0, 0)\" class=\"has-inline-color has-vivid-red-color\">* The online seminars take place on zoom, the access link will be indicated in the information (INFO) about each individual seminar on the<\/mark><a rel=\"noreferrer noopener\" href=\"https:\/\/mountaincultures.events.unibz.it\/?page_id=20\" target=\"_blank\"> Program<\/a> <mark style=\"background-color:rgba(0, 0, 0, 0)\" class=\"has-inline-color has-vivid-red-color\">page.<\/mark><\/p>\n\n\n\n<p><mark style=\"background-color:rgba(0, 0, 0, 0)\" class=\"has-inline-color has-vivid-red-color\"> ** In-presence seminars are held at the Faculty of Education, Brixen\/Bressanone, or in other sites indicated in the information (INFO) for each seminar on the<\/mark> <a rel=\"noreferrer noopener\" href=\"https:\/\/mountaincultures.events.unibz.it\/?page_id=20\" target=\"_blank\">Program<\/a> <mark style=\"background-color:rgba(0, 0, 0, 0)\" class=\"has-inline-color has-vivid-red-color\">page.<\/mark><\/p>\n\n\n\n<h2 class=\"wp-block-heading\">Ciclo di seminari <\/h2>\n\n\n\n<h2 class=\"wp-block-heading\"><strong>Culture dei popoli di montagna in prospettiva comparativa<\/strong><\/h2>\n\n\n\n<p><mark style=\"background-color:rgba(0, 0, 0, 0)\" class=\"has-inline-color has-vivid-red-color\">Online*: <strong>Maggio-luglio<\/strong> 2021<\/mark><\/p>\n\n\n\n<p><mark style=\"background-color:rgba(0, 0, 0, 0)\" class=\"has-inline-color has-vivid-red-color\">In presenza**: <strong>Settembre-dicembre<\/strong> 2021<\/mark><\/p>\n\n\n\n<p>Il ciclo di seminari \u00e8 organizzato dalla <a href=\"https:\/\/www.unibz.it\/it\/faculties\/education\/\">Facolt\u00e0 di Scienze della Formazione<\/a> della <a href=\"https:\/\/www.unibz.it\/it\/\">Libera Universit\u00e0 di Bolzano (unibz)<\/a> e dal <a href=\"https:\/\/mfea.projects.unibz.it\/\">MFEA-The Malinowski Forum for Ethnography and Anthropology<\/a> (unibz), in collaborazione con <a href=\"https:\/\/www.ev-aa.org\/it\/\">l\u2019Associazione Antropologica Alto Adige (EVAA)<\/a> e il <a href=\"https:\/\/www.museosanmichele.it\/\">Museo degli Usi e Costumi della Gente Trentina<\/a>, con il contributo della <a href=\"https:\/\/stiftungsparkasse.it\/\">Fondazione Cassa di Risparmio di Bolzano<\/a>.<\/p>\n\n\n\n<p>Gli incontri seminariali esplorano la possibilit\u00e0 di mettere in relazione le esperienze socioculturali delle e degli abitanti di zone montane differenti, tanto dell\u2019area alpina quanto di regioni extra-europee. Le relatrici e relatori invitati presenteranno e discuteranno le proprie ricerche sugli aspetti antropologici, storici e geografici delle diverse culture dei popoli di montagna riflettendo sul valore della prospettiva comparativa e discutendo questi temi con il pubblico. <\/p>\n\n\n\n<p><mark style=\"background-color:rgba(0, 0, 0, 0)\" class=\"has-inline-color has-vivid-red-color\">* I seminari online si svolgono su zoom, il link di accesso sar\u00e0 indicato nelle informazioni (INFO) relative ai singoli seminari alla pagina<\/mark> <a rel=\"noreferrer noopener\" href=\"https:\/\/mountaincultures.events.unibz.it\/?page_id=20\" target=\"_blank\">Programma<\/a>.<\/p>\n\n\n\n<p><mark style=\"background-color:rgba(0, 0, 0, 0)\" class=\"has-inline-color has-vivid-red-color\">** I seminari in presenza si tengono presso la Facolt\u00e0 di Scienze della Formazione, Bressanone, o in altri siti indicati nelle informazioni su ogni seminario (INFO) alla pagina<\/mark> <a rel=\"noreferrer noopener\" href=\"https:\/\/mountaincultures.events.unibz.it\/?page_id=20\" target=\"_blank\">Programma<\/a>.<\/p>\n\n\n\n<h2 class=\"wp-block-heading\">Seminarreihe<\/h2>\n\n\n\n<h2 class=\"wp-block-heading\"><strong>Kulturen der Bergbewohner in vergleichender Perspektive<\/strong><\/h2>\n\n\n\n<p><mark style=\"background-color:rgba(0, 0, 0, 0)\" class=\"has-inline-color has-vivid-red-color\">Online*: <strong>Mai-Juli<\/strong> <strong>2021<\/strong><\/mark><\/p>\n\n\n\n<p><mark style=\"background-color:rgba(0, 0, 0, 0)\" class=\"has-inline-color has-vivid-red-color\">In Anwesenheit**: <strong>September-Dezember<\/strong> <strong>2021<\/strong><\/mark><\/p>\n\n\n\n<p>Die Seminarreihe ist von der<a> <\/a><a href=\"https:\/\/www.unibz.it\/de\/faculties\/education\/\">Fakult\u00e4t f\u00fcr Bildungswissenschaften<\/a> der <a href=\"https:\/\/www.unibz.it\/de\/\">Freien Universit\u00e4t Bozen (unibz)<\/a> und dem <a href=\"https:\/\/mfea.projects.unibz.it\/\">MFEA-The Malinowski Forum for Ethnography and Anthropology<\/a> (unibz) in Zusammenarbeit mit dem <a href=\"https:\/\/www.ev-aa.org\/de\/\">Ethnologischen Verein S\u00fcdtirol (EVAA)<\/a> und dem <a href=\"https:\/\/www.museosanmichele.it\/?lang=de\">Museo degli Usi e Costumi della Gente Trentina<\/a>, mit dem Beitrag der <a href=\"https:\/\/stiftungsparkasse.it\/\">Stiftung S\u00fcdtiroler Sparkasse<\/a> organisiert.<\/p>\n\n\n\n<p>Die Seminartreffen erforschen die M\u00f6glichkeit die soziokulturellen Erfahrungen von Bewohnern in verschiedenen Berggebieten, sowohl aus dem Alpenraum als auch aus au\u00dfereurop\u00e4ischen Regionen, miteinander zu verbinden. Die eingeladenen Referenten werden ihre Forschungen zu anthropologischen, historischen und geografischen Aspekten der verschiedenen Kulturen von Bergv\u00f6lkern vorstellen und diskutieren, wobei sie \u00fcber den Wert einer m\u00f6glichen vergleichenden Perspektive nachdenken und mit dem Publikum er\u00f6rtern.<\/p>\n\n\n\n<p><mark style=\"background-color:rgba(0, 0, 0, 0)\" class=\"has-inline-color has-vivid-red-color\">*Die Online-Seminare finden auf Zoom statt, der Zugangslink wird in den Informationen (INFO) zu den einzelnen Seminaren auf der<\/mark> <a rel=\"noreferrer noopener\" href=\"https:\/\/mountaincultures.events.unibz.it\/?page_id=20\" target=\"_blank\">Programmseite<\/a> <mark style=\"background-color:rgba(0, 0, 0, 0)\" class=\"has-inline-color has-vivid-red-color\">angegeben.<\/mark><\/p>\n\n\n\n<p><mark style=\"background-color:rgba(0, 0, 0, 0)\" class=\"has-inline-color has-vivid-red-color\">**Die Pr\u00e4senzseminare finden an der Fakult\u00e4t f\u00fcr Bildungswissenschaften, Brixen, oder andere Seiten, die in den Informationen (INFO) auf der<\/mark> <a rel=\"noreferrer noopener\" href=\"https:\/\/mountaincultures.events.unibz.it\/?page_id=20\" target=\"_blank\">Programmseite<\/a> <mark style=\"background-color:rgba(0, 0, 0, 0)\" class=\"has-inline-color has-vivid-red-color\">der Website angegeben sind, statt.<\/mark><\/p>\n\n\n\n<figure class=\"wp-block-image size-large is-resized\"><img loading=\"lazy\" decoding=\"async\" width=\"1024\" height=\"191\" src=\"https:\/\/mountaincultures.events.unibz.it\/wp-content\/uploads\/2021\/05\/unibz-BX-1024x191.jpg\" alt=\"\" class=\"wp-image-144\" style=\"width:602px;height:112px\" srcset=\"https:\/\/mountaincultures.events.unibz.it\/wp-content\/uploads\/2021\/05\/unibz-BX-1024x191.jpg 1024w, https:\/\/mountaincultures.events.unibz.it\/wp-content\/uploads\/2021\/05\/unibz-BX-300x56.jpg 300w, https:\/\/mountaincultures.events.unibz.it\/wp-content\/uploads\/2021\/05\/unibz-BX-768x143.jpg 768w, https:\/\/mountaincultures.events.unibz.it\/wp-content\/uploads\/2021\/05\/unibz-BX.jpg 1293w\" sizes=\"auto, (max-width: 1024px) 100vw, 1024px\" \/><\/figure>\n\n\n\n<figure class=\"wp-block-image size-large is-resized\"><img loading=\"lazy\" decoding=\"async\" width=\"929\" height=\"170\" src=\"https:\/\/mountaincultures.events.unibz.it\/wp-content\/uploads\/2021\/05\/logoMFEA.jpg\" alt=\"\" class=\"wp-image-141\" style=\"width:481px;height:88px\" srcset=\"https:\/\/mountaincultures.events.unibz.it\/wp-content\/uploads\/2021\/05\/logoMFEA.jpg 929w, https:\/\/mountaincultures.events.unibz.it\/wp-content\/uploads\/2021\/05\/logoMFEA-300x55.jpg 300w, https:\/\/mountaincultures.events.unibz.it\/wp-content\/uploads\/2021\/05\/logoMFEA-768x141.jpg 768w\" sizes=\"auto, (max-width: 929px) 100vw, 929px\" \/><\/figure>\n\n\n\n<figure class=\"wp-block-image size-large is-resized\"><img loading=\"lazy\" decoding=\"async\" width=\"1024\" height=\"150\" src=\"https:\/\/mountaincultures.events.unibz.it\/wp-content\/uploads\/2021\/05\/evaa_logo-2-2-1024x150.jpeg\" alt=\"\" class=\"wp-image-104\" style=\"width:537px;height:79px\" srcset=\"https:\/\/mountaincultures.events.unibz.it\/wp-content\/uploads\/2021\/05\/evaa_logo-2-2-1024x150.jpeg 1024w, https:\/\/mountaincultures.events.unibz.it\/wp-content\/uploads\/2021\/05\/evaa_logo-2-2-300x44.jpeg 300w, https:\/\/mountaincultures.events.unibz.it\/wp-content\/uploads\/2021\/05\/evaa_logo-2-2-768x113.jpeg 768w, https:\/\/mountaincultures.events.unibz.it\/wp-content\/uploads\/2021\/05\/evaa_logo-2-2.jpeg 1280w\" sizes=\"auto, (max-width: 1024px) 100vw, 1024px\" \/><\/figure>\n\n\n\n<figure class=\"wp-block-image size-large\"><img loading=\"lazy\" decoding=\"async\" width=\"258\" height=\"161\" src=\"https:\/\/mountaincultures.events.unibz.it\/wp-content\/uploads\/2021\/05\/Museo-San-Michele-allAdige-1.jpg\" alt=\"\" class=\"wp-image-105\"\/><\/figure>\n\n\n\n<figure class=\"wp-block-image size-large is-resized\"><img loading=\"lazy\" decoding=\"async\" width=\"1024\" height=\"400\" src=\"https:\/\/mountaincultures.events.unibz.it\/wp-content\/uploads\/2021\/05\/Fondazione-logo-giusto-1024x400.jpg\" alt=\"\" class=\"wp-image-143\" style=\"width:512px;height:200px\" srcset=\"https:\/\/mountaincultures.events.unibz.it\/wp-content\/uploads\/2021\/05\/Fondazione-logo-giusto-1024x400.jpg 1024w, https:\/\/mountaincultures.events.unibz.it\/wp-content\/uploads\/2021\/05\/Fondazione-logo-giusto-300x117.jpg 300w, https:\/\/mountaincultures.events.unibz.it\/wp-content\/uploads\/2021\/05\/Fondazione-logo-giusto-768x300.jpg 768w, https:\/\/mountaincultures.events.unibz.it\/wp-content\/uploads\/2021\/05\/Fondazione-logo-giusto.jpg 1535w\" sizes=\"auto, (max-width: 1024px) 100vw, 1024px\" \/><\/figure>\n","protected":false},"excerpt":{"rendered":"<p>Mountain Cultures Mountain Cultures Project The project promotes research, publications, conferences, public talks, and social interventions, to investigate and discuss anthropological, historical, and geographical aspects of mountain people&#8217; sociocultural environments, practices, and perspectves. It aims to reflect on the value of the comparative approach, collaborating with mountain studies scholars and, especially, with mountain people, all around the world. Issues Open Access Special Issue &#8211; 2025 &#8211; Confluenze. Rivista di Studi Iberoamericani, 17(2) Relacionalidad medioambiental ritual y festiva en \u00e1reas de monta\u00f1a iberoamericanas Eds. Tobias Boos, Koen de Munter, Daniela Salvucci With articles in Spanish, English or Italian written by Denise [&hellip;]<\/p>\n","protected":false},"author":2,"featured_media":0,"parent":0,"menu_order":0,"comment_status":"closed","ping_status":"closed","template":"","meta":{"footnotes":""},"class_list":["post-4","page","type-page","status-publish","hentry"],"_links":{"self":[{"href":"https:\/\/mountaincultures.events.unibz.it\/index.php?rest_route=\/wp\/v2\/pages\/4","targetHints":{"allow":["GET"]}}],"collection":[{"href":"https:\/\/mountaincultures.events.unibz.it\/index.php?rest_route=\/wp\/v2\/pages"}],"about":[{"href":"https:\/\/mountaincultures.events.unibz.it\/index.php?rest_route=\/wp\/v2\/types\/page"}],"author":[{"embeddable":true,"href":"https:\/\/mountaincultures.events.unibz.it\/index.php?rest_route=\/wp\/v2\/users\/2"}],"replies":[{"embeddable":true,"href":"https:\/\/mountaincultures.events.unibz.it\/index.php?rest_route=%2Fwp%2Fv2%2Fcomments&post=4"}],"version-history":[{"count":71,"href":"https:\/\/mountaincultures.events.unibz.it\/index.php?rest_route=\/wp\/v2\/pages\/4\/revisions"}],"predecessor-version":[{"id":619,"href":"https:\/\/mountaincultures.events.unibz.it\/index.php?rest_route=\/wp\/v2\/pages\/4\/revisions\/619"}],"wp:attachment":[{"href":"https:\/\/mountaincultures.events.unibz.it\/index.php?rest_route=%2Fwp%2Fv2%2Fmedia&parent=4"}],"curies":[{"name":"wp","href":"https:\/\/api.w.org\/{rel}","templated":true}]}}